{"id":25,"date":"2022-07-28T16:50:33","date_gmt":"2022-07-28T16:50:33","guid":{"rendered":"https:\/\/www.oravskapriehrada.eu\/?page_id=25"},"modified":"2023-02-22T07:56:53","modified_gmt":"2023-02-22T07:56:53","slug":"o-nas","status":"publish","type":"page","link":"https:\/\/www.oravskapriehrada.eu\/","title":{"rendered":"O n\u00e1s"},"content":{"rendered":"\t\t<div data-elementor-type=\"wp-page\" data-elementor-id=\"25\" class=\"elementor elementor-25\">\n\t\t\t\t\t\t<section class=\"elementor-section elementor-top-section elementor-element elementor-element-6355799 elementor-section-boxed elementor-section-height-default elementor-section-height-default\" data-id=\"6355799\" data-element_type=\"section\">\n\t\t\t\t\t\t<div class=\"elementor-container elementor-column-gap-default\">\n\t\t\t\t\t<div class=\"elementor-column elementor-col-100 elementor-top-column elementor-element elementor-element-44e774f\" data-id=\"44e774f\" data-element_type=\"column\">\n\t\t\t<div class=\"elementor-widget-wrap\">\n\t\t\t\t\t\t\t<\/div>\n\t\t<\/div>\n\t\t\t\t\t<\/div>\n\t\t<\/section>\n\t\t\t\t<section class=\"elementor-section elementor-top-section elementor-element elementor-element-c3010cc elementor-section-boxed elementor-section-height-default elementor-section-height-default\" data-id=\"c3010cc\" data-element_type=\"section\">\n\t\t\t\t\t\t<div class=\"elementor-container elementor-column-gap-default\">\n\t\t\t\t\t<div class=\"elementor-column elementor-col-100 elementor-top-column elementor-element elementor-element-e6d5573\" data-id=\"e6d5573\" data-element_type=\"column\">\n\t\t\t<div class=\"elementor-widget-wrap elementor-element-populated\">\n\t\t\t\t\t\t<div class=\"elementor-element elementor-element-8f73795 elementor-widget elementor-widget-text-editor\" data-id=\"8f73795\" data-element_type=\"widget\" data-widget_type=\"text-editor.default\">\n\t\t\t\t<div class=\"elementor-widget-container\">\n\t\t\t\t\t\t\t<p style=\"text-align: left;\"><strong>Oravsk\u00e1 priehrada.eu je ob\u010dianske zdru\u017eenie podnikate\u013eov v cestovnom ruchu v regi\u00f3ne Oravskej priehrady. Zdru\u017eujeme poskytovate\u013eov tovarov a slu\u017eieb turistom, ob\u010danom, n\u00e1v\u0161tevn\u00edkom Oravskej priehrady alebo in\u00fdm podnikate\u013eom v cestovnom ruchu. Podmienkou pre \u010dlenstvo je prev\u00e1dzka v okol\u00ed Oravskej priehrady.<\/strong><\/p><p style=\"text-align: left;\"><strong>Pom\u00e1hame rozv\u00edja\u0165 regi\u00f3n Oravskej priehrady, budujeme pozit\u00edvne povedomie o regi\u00f3ne a priamo pom\u00e1hame pri budovan\u00ed atrakt\u00edvnych projektov pre turistov a ob\u010danov v regi\u00f3ne s cie\u013eom budova\u0165 pro rodinn\u00fd, \u0161portov\u00fd (vodn\u00e9 \u0161porty) a turistick\u00fd cestovn\u00fd ruch.<\/strong><\/p><p style=\"text-align: left;\"><strong>Z\u00e1le\u017e\u00ed n\u00e1m, aby Oravsk\u00e1 priehrada bola miestom oddychu , relaxu, \u0161portov\u00e9ho a kult\u00farneho vy\u017eitia. Budeme radi ak aj vy za\u017eijete na Oravskej priehrade pr\u00edjemn\u00e9 chv\u00edle so svojou rodinou, kamar\u00e1tmi , priate\u013emi &#8230;<\/strong><\/p>\t\t\t\t\t\t<\/div>\n\t\t\t\t<\/div>\n\t\t\t\t\t<\/div>\n\t\t<\/div>\n\t\t\t\t\t<\/div>\n\t\t<\/section>\n\t\t\t\t<section class=\"elementor-section elementor-top-section elementor-element elementor-element-649af4a elementor-section-boxed elementor-section-height-default elementor-section-height-default\" data-id=\"649af4a\" data-element_type=\"section\">\n\t\t\t\t\t\t<div class=\"elementor-container elementor-column-gap-default\">\n\t\t\t\t\t<div class=\"elementor-column elementor-col-100 elementor-top-column elementor-element elementor-element-de69f4a\" data-id=\"de69f4a\" data-element_type=\"column\">\n\t\t\t<div class=\"elementor-widget-wrap elementor-element-populated\">\n\t\t\t\t\t\t<div class=\"elementor-element elementor-element-25986ad elementor-widget elementor-widget-heading\" data-id=\"25986ad\" data-element_type=\"widget\" data-widget_type=\"heading.default\">\n\t\t\t\t<div class=\"elementor-widget-container\">\n\t\t\t<h4 class=\"elementor-heading-title elementor-size-default\">Na\u0161e aktivity<\/h4>\t\t<\/div>\n\t\t\t\t<\/div>\n\t\t\t\t\t<\/div>\n\t\t<\/div>\n\t\t\t\t\t<\/div>\n\t\t<\/section>\n\t\t\t\t<section class=\"elementor-section elementor-top-section elementor-element elementor-element-9d79f51 elementor-section-boxed elementor-section-height-default elementor-section-height-default\" data-id=\"9d79f51\" data-element_type=\"section\">\n\t\t\t\t\t\t<div class=\"elementor-container elementor-column-gap-default\">\n\t\t\t\t\t<div class=\"elementor-column elementor-col-100 elementor-top-column elementor-element elementor-element-e27bd78\" data-id=\"e27bd78\" data-element_type=\"column\">\n\t\t\t<div class=\"elementor-widget-wrap\">\n\t\t\t\t\t\t\t<\/div>\n\t\t<\/div>\n\t\t\t\t\t<\/div>\n\t\t<\/section>\n\t\t\t\t<section class=\"elementor-section elementor-top-section elementor-element elementor-element-7b14f95 elementor-section-boxed elementor-section-height-default elementor-section-height-default\" data-id=\"7b14f95\" data-element_type=\"section\">\n\t\t\t\t\t\t<div class=\"elementor-container elementor-column-gap-default\">\n\t\t\t\t\t<div class=\"elementor-column elementor-col-100 elementor-top-column elementor-element elementor-element-b2355c0\" data-id=\"b2355c0\" data-element_type=\"column\">\n\t\t\t<div class=\"elementor-widget-wrap elementor-element-populated\">\n\t\t\t\t\t\t<div class=\"elementor-element elementor-element-a22e1bd elementor-widget elementor-widget-heading\" data-id=\"a22e1bd\" data-element_type=\"widget\" data-widget_type=\"heading.default\">\n\t\t\t\t<div class=\"elementor-widget-container\">\n\t\t\t<h4 class=\"elementor-heading-title elementor-size-default\">Oravsk\u00e1 priehrada<\/h4>\t\t<\/div>\n\t\t\t\t<\/div>\n\t\t\t\t\t<\/div>\n\t\t<\/div>\n\t\t\t\t\t<\/div>\n\t\t<\/section>\n\t\t\t\t<section class=\"elementor-section elementor-top-section elementor-element elementor-element-c437106 elementor-section-boxed elementor-section-height-default elementor-section-height-default\" data-id=\"c437106\" data-element_type=\"section\">\n\t\t\t\t\t\t<div class=\"elementor-container elementor-column-gap-default\">\n\t\t\t\t\t<div class=\"elementor-column elementor-col-100 elementor-top-column elementor-element elementor-element-f7d3d41\" data-id=\"f7d3d41\" data-element_type=\"column\">\n\t\t\t<div class=\"elementor-widget-wrap elementor-element-populated\">\n\t\t\t\t\t\t\t<\/div>\n\t\t<\/div>\n\t\t\t\t\t<\/div>\n\t\t<\/section>\n\t\t\t\t<section class=\"elementor-section elementor-top-section elementor-element elementor-element-bb580a1 elementor-section-boxed elementor-section-height-default elementor-section-height-default\" data-id=\"bb580a1\" data-element_type=\"section\">\n\t\t\t\t\t\t<div class=\"elementor-container elementor-column-gap-default\">\n\t\t\t\t\t<div class=\"elementor-column elementor-col-100 elementor-top-column elementor-element elementor-element-b97d3d0\" data-id=\"b97d3d0\" data-element_type=\"column\">\n\t\t\t<div class=\"elementor-widget-wrap elementor-element-populated\">\n\t\t\t\t\t\t<div class=\"elementor-element elementor-element-0baacf7 elementor-widget elementor-widget-text-editor\" data-id=\"0baacf7\" data-element_type=\"widget\" data-widget_type=\"text-editor.default\">\n\t\t\t\t<div class=\"elementor-widget-container\">\n\t\t\t\t\t\t\t<p style=\"text-align: left; padding-left: 40px;\"><strong>\u00a0<\/strong><\/p><p><strong>Partneri <\/strong><\/p>\t\t\t\t\t\t<\/div>\n\t\t\t\t<\/div>\n\t\t\t\t\t<\/div>\n\t\t<\/div>\n\t\t\t\t\t<\/div>\n\t\t<\/section>\n\t\t\t\t<section class=\"elementor-section elementor-top-section elementor-element elementor-element-c7f8f2a elementor-section-boxed elementor-section-height-default elementor-section-height-default\" data-id=\"c7f8f2a\" data-element_type=\"section\">\n\t\t\t\t\t\t<div class=\"elementor-container elementor-column-gap-default\">\n\t\t\t\t\t<div class=\"elementor-column elementor-col-16 elementor-top-column elementor-element elementor-element-28ec816\" data-id=\"28ec816\" data-element_type=\"column\">\n\t\t\t<div class=\"elementor-widget-wrap elementor-element-populated\">\n\t\t\t\t\t\t<div class=\"elementor-element elementor-element-d4d8bfc elementor-widget elementor-widget-image\" data-id=\"d4d8bfc\" data-element_type=\"widget\" data-widget_type=\"image.default\">\n\t\t\t\t<div class=\"elementor-widget-container\">\n\t\t\t\t\t\t\t\t\t\t\t\t\t\t<a href=\"https:\/\/www.namestovo.sk\/\" target=\"_blank\">\n\t\t\t\t\t\t\t<img fetchpriority=\"high\" decoding=\"async\" width=\"193\" height=\"261\" src=\"https:\/\/www.oravskapriehrada.eu\/wp-content\/uploads\/2022\/08\/no.png\" class=\"attachment-large size-large wp-image-1362\" alt=\"\" \/>\t\t\t\t\t\t\t\t<\/a>\n\t\t\t\t\t\t\t\t\t\t\t\t\t<\/div>\n\t\t\t\t<\/div>\n\t\t\t\t\t<\/div>\n\t\t<\/div>\n\t\t\t\t<div class=\"elementor-column elementor-col-16 elementor-top-column elementor-element elementor-element-02dedfd\" data-id=\"02dedfd\" data-element_type=\"column\">\n\t\t\t<div class=\"elementor-widget-wrap elementor-element-populated\">\n\t\t\t\t\t\t<div class=\"elementor-element elementor-element-296259e elementor-widget elementor-widget-image\" data-id=\"296259e\" data-element_type=\"widget\" data-widget_type=\"image.default\">\n\t\t\t\t<div class=\"elementor-widget-container\">\n\t\t\t\t\t\t\t\t\t\t\t\t\t\t<a href=\"https:\/\/www.trstena.sk\/\" target=\"_blank\">\n\t\t\t\t\t\t\t<img decoding=\"async\" width=\"193\" height=\"261\" src=\"https:\/\/www.oravskapriehrada.eu\/wp-content\/uploads\/2022\/08\/ttr.jpeg\" class=\"attachment-large size-large wp-image-1358\" alt=\"\" \/>\t\t\t\t\t\t\t\t<\/a>\n\t\t\t\t\t\t\t\t\t\t\t\t\t<\/div>\n\t\t\t\t<\/div>\n\t\t\t\t\t<\/div>\n\t\t<\/div>\n\t\t\t\t<div class=\"elementor-column elementor-col-16 elementor-top-column elementor-element elementor-element-8155c8c\" data-id=\"8155c8c\" data-element_type=\"column\">\n\t\t\t<div class=\"elementor-widget-wrap elementor-element-populated\">\n\t\t\t\t\t\t<div class=\"elementor-element elementor-element-fb764cb elementor-widget__width-inherit elementor-widget elementor-widget-image\" data-id=\"fb764cb\" data-element_type=\"widget\" data-widget_type=\"image.default\">\n\t\t\t\t<div class=\"elementor-widget-container\">\n\t\t\t\t\t\t\t\t\t\t\t\t\t\t<a href=\"http:\/\/www.oravars.sk\/\" target=\"_blank\">\n\t\t\t\t\t\t\t<img decoding=\"async\" width=\"225\" height=\"225\" src=\"https:\/\/www.oravskapriehrada.eu\/wp-content\/uploads\/2022\/08\/resc.jpeg\" class=\"attachment-large size-large wp-image-1377\" alt=\"\" srcset=\"https:\/\/www.oravskapriehrada.eu\/wp-content\/uploads\/2022\/08\/resc.jpeg 225w, https:\/\/www.oravskapriehrada.eu\/wp-content\/uploads\/2022\/08\/resc-150x150.jpeg 150w\" sizes=\"(max-width: 225px) 100vw, 225px\" \/>\t\t\t\t\t\t\t\t<\/a>\n\t\t\t\t\t\t\t\t\t\t\t\t\t<\/div>\n\t\t\t\t<\/div>\n\t\t\t\t\t<\/div>\n\t\t<\/div>\n\t\t\t\t<div class=\"elementor-column elementor-col-16 elementor-top-column elementor-element elementor-element-60c7252\" data-id=\"60c7252\" data-element_type=\"column\">\n\t\t\t<div class=\"elementor-widget-wrap elementor-element-populated\">\n\t\t\t\t\t\t<div class=\"elementor-element elementor-element-43eae26 elementor-widget elementor-widget-image\" data-id=\"43eae26\" data-element_type=\"widget\" data-widget_type=\"image.default\">\n\t\t\t\t<div class=\"elementor-widget-container\">\n\t\t\t\t\t\t\t\t\t\t\t\t\t\t<a href=\"https:\/\/www.facebook.com\/SkateparkNamestovoOESNO\/\" target=\"_blank\">\n\t\t\t\t\t\t\t<img loading=\"lazy\" decoding=\"async\" width=\"225\" height=\"225\" src=\"https:\/\/www.oravskapriehrada.eu\/wp-content\/uploads\/2022\/08\/oes100.jpeg\" class=\"attachment-large size-large wp-image-1381\" alt=\"\" srcset=\"https:\/\/www.oravskapriehrada.eu\/wp-content\/uploads\/2022\/08\/oes100.jpeg 225w, https:\/\/www.oravskapriehrada.eu\/wp-content\/uploads\/2022\/08\/oes100-150x150.jpeg 150w\" sizes=\"(max-width: 225px) 100vw, 225px\" \/>\t\t\t\t\t\t\t\t<\/a>\n\t\t\t\t\t\t\t\t\t\t\t\t\t<\/div>\n\t\t\t\t<\/div>\n\t\t\t\t\t<\/div>\n\t\t<\/div>\n\t\t\t\t<div class=\"elementor-column elementor-col-16 elementor-top-column elementor-element elementor-element-d8d159a\" data-id=\"d8d159a\" data-element_type=\"column\">\n\t\t\t<div class=\"elementor-widget-wrap elementor-element-populated\">\n\t\t\t\t\t\t<div class=\"elementor-element elementor-element-df626b0 elementor-widget elementor-widget-image\" data-id=\"df626b0\" data-element_type=\"widget\" data-widget_type=\"image.default\">\n\t\t\t\t<div class=\"elementor-widget-container\">\n\t\t\t\t\t\t\t\t\t\t\t\t\t\t<a href=\"https:\/\/www.facebook.com\/no.coop.sk\/photos\/?ref=page_internal\" target=\"_blank\">\n\t\t\t\t\t\t\t<img loading=\"lazy\" decoding=\"async\" width=\"206\" height=\"206\" src=\"https:\/\/www.oravskapriehrada.eu\/wp-content\/uploads\/2022\/08\/coop.jpg\" class=\"attachment-large size-large wp-image-1388\" alt=\"\" srcset=\"https:\/\/www.oravskapriehrada.eu\/wp-content\/uploads\/2022\/08\/coop.jpg 206w, https:\/\/www.oravskapriehrada.eu\/wp-content\/uploads\/2022\/08\/coop-150x150.jpg 150w\" sizes=\"(max-width: 206px) 100vw, 206px\" \/>\t\t\t\t\t\t\t\t<\/a>\n\t\t\t\t\t\t\t\t\t\t\t\t\t<\/div>\n\t\t\t\t<\/div>\n\t\t\t\t\t<\/div>\n\t\t<\/div>\n\t\t\t\t<div class=\"elementor-column elementor-col-16 elementor-top-column elementor-element elementor-element-d9d7d08\" data-id=\"d9d7d08\" data-element_type=\"column\">\n\t\t\t<div class=\"elementor-widget-wrap elementor-element-populated\">\n\t\t\t\t\t\t<div class=\"elementor-element elementor-element-0064979 elementor-widget elementor-widget-image\" data-id=\"0064979\" data-element_type=\"widget\" data-widget_type=\"image.default\">\n\t\t\t\t<div class=\"elementor-widget-container\">\n\t\t\t\t\t\t\t\t\t\t\t\t\t\t<a href=\"https:\/\/www.visitorava.sk\/\">\n\t\t\t\t\t\t\t<img loading=\"lazy\" decoding=\"async\" width=\"120\" height=\"90\" src=\"https:\/\/www.oravskapriehrada.eu\/wp-content\/uploads\/2023\/02\/klaster.jpg\" class=\"attachment-large size-large wp-image-1518\" alt=\"\" \/>\t\t\t\t\t\t\t\t<\/a>\n\t\t\t\t\t\t\t\t\t\t\t\t\t<\/div>\n\t\t\t\t<\/div>\n\t\t\t\t\t<\/div>\n\t\t<\/div>\n\t\t\t\t\t<\/div>\n\t\t<\/section>\n\t\t\t\t<section class=\"elementor-section elementor-top-section elementor-element elementor-element-8bf22e9 elementor-section-boxed elementor-section-height-default elementor-section-height-default\" data-id=\"8bf22e9\" data-element_type=\"section\">\n\t\t\t\t\t\t<div class=\"elementor-container elementor-column-gap-default\">\n\t\t\t\t\t<div class=\"elementor-column elementor-col-100 elementor-top-column elementor-element elementor-element-ef4e8c3\" data-id=\"ef4e8c3\" data-element_type=\"column\">\n\t\t\t<div class=\"elementor-widget-wrap\">\n\t\t\t\t\t\t\t<\/div>\n\t\t<\/div>\n\t\t\t\t\t<\/div>\n\t\t<\/section>\n\t\t\t\t<section class=\"elementor-section elementor-top-section elementor-element elementor-element-e2670c7 elementor-section-boxed elementor-section-height-default elementor-section-height-default\" data-id=\"e2670c7\" data-element_type=\"section\">\n\t\t\t\t\t\t<div class=\"elementor-container elementor-column-gap-default\">\n\t\t\t\t\t<div class=\"elementor-column elementor-col-20 elementor-top-column elementor-element elementor-element-5c1fb11\" data-id=\"5c1fb11\" data-element_type=\"column\">\n\t\t\t<div class=\"elementor-widget-wrap\">\n\t\t\t\t\t\t\t<\/div>\n\t\t<\/div>\n\t\t\t\t<div class=\"elementor-column elementor-col-20 elementor-top-column elementor-element elementor-element-cf26e6c\" data-id=\"cf26e6c\" data-element_type=\"column\">\n\t\t\t<div class=\"elementor-widget-wrap\">\n\t\t\t\t\t\t\t<\/div>\n\t\t<\/div>\n\t\t\t\t<div class=\"elementor-column elementor-col-20 elementor-top-column elementor-element elementor-element-978f6eb\" data-id=\"978f6eb\" data-element_type=\"column\">\n\t\t\t<div class=\"elementor-widget-wrap\">\n\t\t\t\t\t\t\t<\/div>\n\t\t<\/div>\n\t\t\t\t<div class=\"elementor-column elementor-col-20 elementor-top-column elementor-element elementor-element-ce380cb\" data-id=\"ce380cb\" data-element_type=\"column\">\n\t\t\t<div class=\"elementor-widget-wrap\">\n\t\t\t\t\t\t\t<\/div>\n\t\t<\/div>\n\t\t\t\t<div class=\"elementor-column elementor-col-20 elementor-top-column elementor-element elementor-element-3dbbee1\" data-id=\"3dbbee1\" data-element_type=\"column\">\n\t\t\t<div class=\"elementor-widget-wrap\">\n\t\t\t\t\t\t\t<\/div>\n\t\t<\/div>\n\t\t\t\t\t<\/div>\n\t\t<\/section>\n\t\t\t\t<\/div>\n\t\t","protected":false},"excerpt":{"rendered":"<p>Oravsk\u00e1 priehrada.eu je ob\u010dianske zdru\u017eenie podnikate\u013eov v cestovnom ruchu v regi\u00f3ne Oravskej priehrady. Zdru\u017eujeme poskytovate\u013eov tovarov a slu\u017eieb turistom, ob\u010danom, n\u00e1v\u0161tevn\u00edkom Oravskej priehrady alebo in\u00fdm podnikate\u013eom v cestovnom ruchu. Podmienkou pre \u010dlenstvo je prev\u00e1dzka v okol\u00ed Oravskej priehrady. Pom\u00e1hame rozv\u00edja\u0165 regi\u00f3n Oravskej priehrady, budujeme pozit\u00edvne povedomie o regi\u00f3ne a priamo pom\u00e1hame pri budovan\u00ed atrakt\u00edvnych projektov [&hellip;]<\/p>\n","protected":false},"author":1,"featured_media":0,"parent":0,"menu_order":0,"comment_status":"closed","ping_status":"closed","template":"elementor_header_footer","meta":{"_monsterinsights_skip_tracking":false,"_monsterinsights_sitenote_active":false,"_monsterinsights_sitenote_note":"","_monsterinsights_sitenote_category":0},"yoast_head":"<!-- This site is optimized with the Yoast SEO plugin v21.1 - https:\/\/yoast.com\/wordpress\/plugins\/seo\/ -->\n<title>O n\u00e1s - Oravsk\u00e1 priehrada.eu<\/title>\n<meta name=\"robots\" content=\"index, follow, max-snippet:-1, max-image-preview:large, max-video-preview:-1\" \/>\n<link rel=\"canonical\" href=\"https:\/\/www.oravskapriehrada.eu\/\" \/>\n<meta property=\"og:locale\" content=\"sk_SK\" \/>\n<meta property=\"og:type\" content=\"article\" \/>\n<meta property=\"og:title\" content=\"O n\u00e1s - Oravsk\u00e1 priehrada.eu\" \/>\n<meta property=\"og:description\" content=\"Oravsk\u00e1 priehrada.eu je ob\u010dianske zdru\u017eenie podnikate\u013eov v cestovnom ruchu v regi\u00f3ne Oravskej priehrady. Zdru\u017eujeme poskytovate\u013eov tovarov a slu\u017eieb turistom, ob\u010danom, n\u00e1v\u0161tevn\u00edkom Oravskej priehrady alebo in\u00fdm podnikate\u013eom v cestovnom ruchu. Podmienkou pre \u010dlenstvo je prev\u00e1dzka v okol\u00ed Oravskej priehrady. Pom\u00e1hame rozv\u00edja\u0165 regi\u00f3n Oravskej priehrady, budujeme pozit\u00edvne povedomie o regi\u00f3ne a priamo pom\u00e1hame pri budovan\u00ed atrakt\u00edvnych projektov [&hellip;]\" \/>\n<meta property=\"og:url\" content=\"https:\/\/www.oravskapriehrada.eu\/\" \/>\n<meta property=\"og:site_name\" content=\"Oravsk\u00e1 priehrada.eu\" \/>\n<meta property=\"article:modified_time\" content=\"2023-02-22T07:56:53+00:00\" \/>\n<meta property=\"og:image\" content=\"https:\/\/www.oravskapriehrada.eu\/wp-content\/uploads\/2022\/08\/no.png\" \/>\n<meta name=\"twitter:card\" content=\"summary_large_image\" \/>\n<meta name=\"twitter:label1\" content=\"Predpokladan\u00fd \u010das \u010d\u00edtania\" \/>\n\t<meta name=\"twitter:data1\" content=\"5 min\u00fat\" \/>\n<script type=\"application\/ld+json\" class=\"yoast-schema-graph\">{\"@context\":\"https:\/\/schema.org\",\"@graph\":[{\"@type\":\"WebPage\",\"@id\":\"https:\/\/www.oravskapriehrada.eu\/\",\"url\":\"https:\/\/www.oravskapriehrada.eu\/\",\"name\":\"O n\u00e1s - Oravsk\u00e1 priehrada.eu\",\"isPartOf\":{\"@id\":\"https:\/\/www.oravskapriehrada.eu\/#website\"},\"datePublished\":\"2022-07-28T16:50:33+00:00\",\"dateModified\":\"2023-02-22T07:56:53+00:00\",\"breadcrumb\":{\"@id\":\"https:\/\/www.oravskapriehrada.eu\/#breadcrumb\"},\"inLanguage\":\"sk-SK\",\"potentialAction\":[{\"@type\":\"ReadAction\",\"target\":[\"https:\/\/www.oravskapriehrada.eu\/\"]}]},{\"@type\":\"BreadcrumbList\",\"@id\":\"https:\/\/www.oravskapriehrada.eu\/#breadcrumb\",\"itemListElement\":[{\"@type\":\"ListItem\",\"position\":1,\"name\":\"Home\",\"item\":\"https:\/\/www.oravskapriehrada.eu\/\"},{\"@type\":\"ListItem\",\"position\":2,\"name\":\"O n\u00e1s\"}]},{\"@type\":\"WebSite\",\"@id\":\"https:\/\/www.oravskapriehrada.eu\/#website\",\"url\":\"https:\/\/www.oravskapriehrada.eu\/\",\"name\":\"Oravsk\u00e1 priehrada.eu\",\"description\":\"Ob\u010dianske zdru\u017eenie Oravsk\u00e1 priehrada.eu je zdru\u017eenie podnikate\u013eov v cestovnom ruchu v okol\u00ed Oravskej priehrady\",\"publisher\":{\"@id\":\"https:\/\/www.oravskapriehrada.eu\/#organization\"},\"potentialAction\":[{\"@type\":\"SearchAction\",\"target\":{\"@type\":\"EntryPoint\",\"urlTemplate\":\"https:\/\/www.oravskapriehrada.eu\/?s={search_term_string}\"},\"query-input\":\"required name=search_term_string\"}],\"inLanguage\":\"sk-SK\"},{\"@type\":\"Organization\",\"@id\":\"https:\/\/www.oravskapriehrada.eu\/#organization\",\"name\":\"Oravsk\u00e1 priehrada.eu\",\"url\":\"https:\/\/www.oravskapriehrada.eu\/\",\"logo\":{\"@type\":\"ImageObject\",\"inLanguage\":\"sk-SK\",\"@id\":\"https:\/\/www.oravskapriehrada.eu\/#\/schema\/logo\/image\/\",\"url\":\"https:\/\/www.oravskapriehrada.eu\/wp-content\/uploads\/2022\/07\/cropped-logo.png\",\"contentUrl\":\"https:\/\/www.oravskapriehrada.eu\/wp-content\/uploads\/2022\/07\/cropped-logo.png\",\"width\":1440,\"height\":1440,\"caption\":\"Oravsk\u00e1 priehrada.eu\"},\"image\":{\"@id\":\"https:\/\/www.oravskapriehrada.eu\/#\/schema\/logo\/image\/\"}}]}<\/script>\n<!-- \/ Yoast SEO plugin. -->","yoast_head_json":{"title":"O n\u00e1s - Oravsk\u00e1 priehrada.eu","robots":{"index":"index","follow":"follow","max-snippet":"max-snippet:-1","max-image-preview":"max-image-preview:large","max-video-preview":"max-video-preview:-1"},"canonical":"https:\/\/www.oravskapriehrada.eu\/","og_locale":"sk_SK","og_type":"article","og_title":"O n\u00e1s - Oravsk\u00e1 priehrada.eu","og_description":"Oravsk\u00e1 priehrada.eu je ob\u010dianske zdru\u017eenie podnikate\u013eov v cestovnom ruchu v regi\u00f3ne Oravskej priehrady. Zdru\u017eujeme poskytovate\u013eov tovarov a slu\u017eieb turistom, ob\u010danom, n\u00e1v\u0161tevn\u00edkom Oravskej priehrady alebo in\u00fdm podnikate\u013eom v cestovnom ruchu. Podmienkou pre \u010dlenstvo je prev\u00e1dzka v okol\u00ed Oravskej priehrady. Pom\u00e1hame rozv\u00edja\u0165 regi\u00f3n Oravskej priehrady, budujeme pozit\u00edvne povedomie o regi\u00f3ne a priamo pom\u00e1hame pri budovan\u00ed atrakt\u00edvnych projektov [&hellip;]","og_url":"https:\/\/www.oravskapriehrada.eu\/","og_site_name":"Oravsk\u00e1 priehrada.eu","article_modified_time":"2023-02-22T07:56:53+00:00","og_image":[{"url":"https:\/\/www.oravskapriehrada.eu\/wp-content\/uploads\/2022\/08\/no.png"}],"twitter_card":"summary_large_image","twitter_misc":{"Predpokladan\u00fd \u010das \u010d\u00edtania":"5 min\u00fat"},"schema":{"@context":"https:\/\/schema.org","@graph":[{"@type":"WebPage","@id":"https:\/\/www.oravskapriehrada.eu\/","url":"https:\/\/www.oravskapriehrada.eu\/","name":"O n\u00e1s - Oravsk\u00e1 priehrada.eu","isPartOf":{"@id":"https:\/\/www.oravskapriehrada.eu\/#website"},"datePublished":"2022-07-28T16:50:33+00:00","dateModified":"2023-02-22T07:56:53+00:00","breadcrumb":{"@id":"https:\/\/www.oravskapriehrada.eu\/#breadcrumb"},"inLanguage":"sk-SK","potentialAction":[{"@type":"ReadAction","target":["https:\/\/www.oravskapriehrada.eu\/"]}]},{"@type":"BreadcrumbList","@id":"https:\/\/www.oravskapriehrada.eu\/#breadcrumb","itemListElement":[{"@type":"ListItem","position":1,"name":"Home","item":"https:\/\/www.oravskapriehrada.eu\/"},{"@type":"ListItem","position":2,"name":"O n\u00e1s"}]},{"@type":"WebSite","@id":"https:\/\/www.oravskapriehrada.eu\/#website","url":"https:\/\/www.oravskapriehrada.eu\/","name":"Oravsk\u00e1 priehrada.eu","description":"Ob\u010dianske zdru\u017eenie Oravsk\u00e1 priehrada.eu je zdru\u017eenie podnikate\u013eov v cestovnom ruchu v okol\u00ed Oravskej priehrady","publisher":{"@id":"https:\/\/www.oravskapriehrada.eu\/#organization"},"potentialAction":[{"@type":"SearchAction","target":{"@type":"EntryPoint","urlTemplate":"https:\/\/www.oravskapriehrada.eu\/?s={search_term_string}"},"query-input":"required name=search_term_string"}],"inLanguage":"sk-SK"},{"@type":"Organization","@id":"https:\/\/www.oravskapriehrada.eu\/#organization","name":"Oravsk\u00e1 priehrada.eu","url":"https:\/\/www.oravskapriehrada.eu\/","logo":{"@type":"ImageObject","inLanguage":"sk-SK","@id":"https:\/\/www.oravskapriehrada.eu\/#\/schema\/logo\/image\/","url":"https:\/\/www.oravskapriehrada.eu\/wp-content\/uploads\/2022\/07\/cropped-logo.png","contentUrl":"https:\/\/www.oravskapriehrada.eu\/wp-content\/uploads\/2022\/07\/cropped-logo.png","width":1440,"height":1440,"caption":"Oravsk\u00e1 priehrada.eu"},"image":{"@id":"https:\/\/www.oravskapriehrada.eu\/#\/schema\/logo\/image\/"}}]}},"_links":{"self":[{"href":"https:\/\/www.oravskapriehrada.eu\/index.php?rest_route=\/wp\/v2\/pages\/25"}],"collection":[{"href":"https:\/\/www.oravskapriehrada.eu\/index.php?rest_route=\/wp\/v2\/pages"}],"about":[{"href":"https:\/\/www.oravskapriehrada.eu\/index.php?rest_route=\/wp\/v2\/types\/page"}],"author":[{"embeddable":true,"href":"https:\/\/www.oravskapriehrada.eu\/index.php?rest_route=\/wp\/v2\/users\/1"}],"replies":[{"embeddable":true,"href":"https:\/\/www.oravskapriehrada.eu\/index.php?rest_route=%2Fwp%2Fv2%2Fcomments&post=25"}],"version-history":[{"count":6,"href":"https:\/\/www.oravskapriehrada.eu\/index.php?rest_route=\/wp\/v2\/pages\/25\/revisions"}],"predecessor-version":[{"id":1524,"href":"https:\/\/www.oravskapriehrada.eu\/index.php?rest_route=\/wp\/v2\/pages\/25\/revisions\/1524"}],"wp:attachment":[{"href":"https:\/\/www.oravskapriehrada.eu\/index.php?rest_route=%2Fwp%2Fv2%2Fmedia&parent=25"}],"curies":[{"name":"wp","href":"https:\/\/api.w.org\/{rel}","templated":true}]}}